{"id":129,"date":"2026-04-22T05:16:44","date_gmt":"2026-04-22T05:16:44","guid":{"rendered":"https:\/\/studioplemenitas.hr\/?page_id=129"},"modified":"2026-04-23T05:03:01","modified_gmt":"2026-04-23T05:03:01","slug":"o-meni","status":"publish","type":"page","link":"https:\/\/studioplemenitas.hr\/?page_id=129","title":{"rendered":"O meni"},"content":{"rendered":"\t\t<div data-elementor-type=\"wp-page\" data-elementor-id=\"129\" class=\"elementor elementor-129\">\n\t\t\t\t<div class=\"elementor-element elementor-element-5122dc4 e-flex e-con-boxed e-con e-parent\" data-id=\"5122dc4\" data-element_type=\"container\" data-e-type=\"container\" data-settings=\"{&quot;background_background&quot;:&quot;classic&quot;}\">\n\t\t\t\t\t<div class=\"e-con-inner\">\n\t\t<div class=\"elementor-element elementor-element-3e765c8 e-con-full e-flex e-con e-child\" data-id=\"3e765c8\" data-element_type=\"container\" data-e-type=\"container\">\n\t\t\t\t\t\t\t<h2 \n\t\tdata-interaction-id=\"e7fe704\" \n\t\tclass=\"e-e7fe704-cf483d5 e-heading-base\" \n\t\t \n\t\t\n\t>\n\t\n\t\t\tO meni\n\t\t<\/h2>\n\t\t\t\t<\/div>\n\t\t\t\t\t<\/div>\n\t\t\t\t<\/div>\n\t\t\t\t<div class=\"elementor-element elementor-element-e36c95e e-con e-atomic-element e-flexbox-base\" data-id=\"e36c95e\" data-element_type=\"e-flexbox\" data-e-type=\"e-flexbox\" data-interaction-id=\"e36c95e\">\n\t\t<div class=\"elementor-element elementor-element-d2cb380 e-flex e-con-boxed e-con e-parent\" data-id=\"d2cb380\" data-element_type=\"container\" data-e-type=\"container\">\n\t\t\t\t\t<div class=\"e-con-inner\">\n\t\t\t\t\t\t\t<h2 \n\t\tdata-interaction-id=\"a8b76c9\" \n\t\tclass=\"e-heading-base\" \n\t\t \n\t\t\n\t>\n\t\n\t\t\tGoran Osojni\u010dki aka. Studio Plemenita\u0161\n\t\t<\/h2>\n\t\t\t\t\t\t\t\t<p class=\"e-paragraph-base\" data-interaction-id=\"b00aec6\"  >\n\t\t\t\t\t\t\t\tKeramika je za mene spoj znanja, rada i karaktera. Iza svakog komada stoje sati istra\u017eivanja, testiranja i precizne ru\u010dne izrade \u2014 od pripreme materijala i razvoja vlastitih glazura do zavr\u0161nog pe\u010denja i posljednjeg detalja.<br><br>Radim iz Plemenita\u0161a, mjesta koje nosi obiteljsku pri\u010du i mir potreban za stvaranje. U timu, uz mene, je i Ziva, moj pas i stalni pratitelj radionice, dio svakodnevice koja ovom prostoru daje toplinu, ritam i \u017eivot. Upravo taj spoj rada, prirode i jednostavnosti utkan je u svaki predmet koji izlazi iz ateljea.<br><br>Posebno me privla\u010di proces razvoja glazura, gdje se susre\u0107u kreativnost, kemija i iskustvo. Svaka povr\u0161ina, tekstura i ton rezultat su brojnih proba, mjerenja i pe\u010denja. Upravo zato nijedan komad nije samo predmet \u2014 on je zavr\u0161etak dugog procesa nastalog rukama, znanjem i strpljenjem.<br><br>Vjerujem u predmete koji traju, imaju karakter i nose pri\u010du svog nastanka. Ako u rukama dr\u017eite moj rad, dr\u017eite dio radionice, procesa i vremena ulo\u017eenog da nastane ne\u0161to istinski vrijedno.\n\t\t\t\t\t<\/p>\n\t\t\t\t\t<\/div>\n\t\t\t\t<\/div>\n\t\t\t\t<\/div>\n\t\t<div class=\"elementor-element elementor-element-9724bdb e-grid e-con-boxed e-con e-parent\" data-id=\"9724bdb\" data-element_type=\"container\" data-e-type=\"container\">\n\t\t\t\t\t<div class=\"e-con-inner\">\n\t\t\t\t<div class=\"elementor-element elementor-element-616d949 e-con e-atomic-element e-flexbox-base e-616d949-acb96d4\" data-id=\"616d949\" data-element_type=\"e-flexbox\" data-e-type=\"e-flexbox\" data-interaction-id=\"616d949\">\n\t\t\t\t\t\t\t\n\t\t<img class=\"e-image-base \" \n\t\t\t\t\tdata-interaction-id=\"d89af4f\" \n\t\t \n\t\t \n\t\t\t\t\t\t\t\t\tid=\"137\"\n\t\t\t\t\t\t\t\t\t\t\t\tsrc=\"https:\/\/studioplemenitas.hr\/wp-content\/uploads\/2026\/04\/srce.jpg\"\n\t\t\t\t\t\t\t\t\t\t\t\twidth=\"1600\"\n\t\t\t\t\t\t\t\t\t\t\t\theight=\"1200\"\n\t\t\t\t\t\t\t\t\t\t\t\tsrcset=\"https:\/\/studioplemenitas.hr\/wp-content\/uploads\/2026\/04\/srce.jpg 1600w, https:\/\/studioplemenitas.hr\/wp-content\/uploads\/2026\/04\/srce-300x225.jpg 300w, https:\/\/studioplemenitas.hr\/wp-content\/uploads\/2026\/04\/srce-1024x768.jpg 1024w, https:\/\/studioplemenitas.hr\/wp-content\/uploads\/2026\/04\/srce-768x576.jpg 768w, https:\/\/studioplemenitas.hr\/wp-content\/uploads\/2026\/04\/srce-1536x1152.jpg 1536w\"\n\t\t\t\t\t\t\t\t\t\t\t\talt=\"\"\n\t\t\t\t\t\t\/>\n\t\t\t\t\t<\/div>\n\t\t\t\t\t\t\t\n\t\t<img class=\"e-image-base \" \n\t\t\t\t\tdata-interaction-id=\"9a4f217\" \n\t\t \n\t\t \n\t\t\t\t\t\t\t\t\tid=\"150\"\n\t\t\t\t\t\t\t\t\t\t\t\tsrc=\"https:\/\/studioplemenitas.hr\/wp-content\/uploads\/2026\/04\/jaiziva.jpg\"\n\t\t\t\t\t\t\t\t\t\t\t\twidth=\"1920\"\n\t\t\t\t\t\t\t\t\t\t\t\theight=\"1440\"\n\t\t\t\t\t\t\t\t\t\t\t\tsrcset=\"https:\/\/studioplemenitas.hr\/wp-content\/uploads\/2026\/04\/jaiziva.jpg 1920w, https:\/\/studioplemenitas.hr\/wp-content\/uploads\/2026\/04\/jaiziva-300x225.jpg 300w, https:\/\/studioplemenitas.hr\/wp-content\/uploads\/2026\/04\/jaiziva-1024x768.jpg 1024w, https:\/\/studioplemenitas.hr\/wp-content\/uploads\/2026\/04\/jaiziva-768x576.jpg 768w, https:\/\/studioplemenitas.hr\/wp-content\/uploads\/2026\/04\/jaiziva-1536x1152.jpg 1536w\"\n\t\t\t\t\t\t\t\t\t\t\t\talt=\"\"\n\t\t\t\t\t\t\/>\n\t\t\t\t\t\t\t\t\n\t\t<img class=\"e-image-base \" \n\t\t\t\t\tdata-interaction-id=\"b102de4\" \n\t\t \n\t\t \n\t\t\t\t\t\t\t\t\tid=\"95\"\n\t\t\t\t\t\t\t\t\t\t\t\tsrc=\"https:\/\/studioplemenitas.hr\/wp-content\/uploads\/2026\/04\/hero-1.jpg\"\n\t\t\t\t\t\t\t\t\t\t\t\twidth=\"1920\"\n\t\t\t\t\t\t\t\t\t\t\t\theight=\"1486\"\n\t\t\t\t\t\t\t\t\t\t\t\tsrcset=\"https:\/\/studioplemenitas.hr\/wp-content\/uploads\/2026\/04\/hero-1.jpg 1920w, https:\/\/studioplemenitas.hr\/wp-content\/uploads\/2026\/04\/hero-1-300x232.jpg 300w, https:\/\/studioplemenitas.hr\/wp-content\/uploads\/2026\/04\/hero-1-1024x793.jpg 1024w, https:\/\/studioplemenitas.hr\/wp-content\/uploads\/2026\/04\/hero-1-768x594.jpg 768w, https:\/\/studioplemenitas.hr\/wp-content\/uploads\/2026\/04\/hero-1-1536x1189.jpg 1536w\"\n\t\t\t\t\t\t\t\t\t\t\t\talt=\"\"\n\t\t\t\t\t\t\/>\n\t\t\t\t\t\t<\/div>\n\t\t\t\t<\/div>\n\t\t\t\t<\/div>\n\t\t","protected":false},"excerpt":{"rendered":"<p>O meni Goran Osojni\u010dki aka. Studio Plemenita\u0161 Keramika je za mene spoj znanja, rada i karaktera. Iza svakog komada stoje sati istra\u017eivanja, testiranja i precizne ru\u010dne izrade \u2014 od pripreme materijala i razvoja vlastitih glazura do zavr\u0161nog pe\u010denja i posljednjeg detalja. Radim iz Plemenita\u0161a, mjesta koje nosi obiteljsku pri\u010du i mir potreban za stvaranje. U [&hellip;]<\/p>\n","protected":false},"author":1,"featured_media":0,"parent":0,"menu_order":0,"comment_status":"closed","ping_status":"closed","template":"","meta":{"footnotes":""},"class_list":["post-129","page","type-page","status-publish","hentry"],"_links":{"self":[{"href":"https:\/\/studioplemenitas.hr\/index.php?rest_route=\/wp\/v2\/pages\/129","targetHints":{"allow":["GET"]}}],"collection":[{"href":"https:\/\/studioplemenitas.hr\/index.php?rest_route=\/wp\/v2\/pages"}],"about":[{"href":"https:\/\/studioplemenitas.hr\/index.php?rest_route=\/wp\/v2\/types\/page"}],"author":[{"embeddable":true,"href":"https:\/\/studioplemenitas.hr\/index.php?rest_route=\/wp\/v2\/users\/1"}],"replies":[{"embeddable":true,"href":"https:\/\/studioplemenitas.hr\/index.php?rest_route=%2Fwp%2Fv2%2Fcomments&post=129"}],"version-history":[{"count":19,"href":"https:\/\/studioplemenitas.hr\/index.php?rest_route=\/wp\/v2\/pages\/129\/revisions"}],"predecessor-version":[{"id":158,"href":"https:\/\/studioplemenitas.hr\/index.php?rest_route=\/wp\/v2\/pages\/129\/revisions\/158"}],"wp:attachment":[{"href":"https:\/\/studioplemenitas.hr\/index.php?rest_route=%2Fwp%2Fv2%2Fmedia&parent=129"}],"curies":[{"name":"wp","href":"https:\/\/api.w.org\/{rel}","templated":true}]}}